{"id":857,"date":"2025-03-17T19:23:30","date_gmt":"2025-03-17T17:23:30","guid":{"rendered":"https:\/\/calnegre.com\/hace-falta-negro\/"},"modified":"2025-07-17T11:30:10","modified_gmt":"2025-07-17T09:30:10","slug":"hace-falta-negro","status":"publish","type":"page","link":"https:\/\/calnegre.com\/es\/","title":{"rendered":"Cal Negre"},"content":{"rendered":"\n  <div class=\"banner has-hover hide-for-small\" id=\"banner-1670588639\">\n          <div class=\"banner-inner fill\">\n        <div class=\"banner-bg fill\" >\n            <div class=\"bg fill bg-fill \"><\/div>\n                        <div class=\"overlay\"><\/div>            \n                    <\/div>\n\t\t\n\t<div class=\"ux-shape-divider ux-shape-divider--bottom ux-shape-divider--style-waves-opacity-3\">\n\t\t<svg viewBox=\"0 0 1000 300\" xmlns=\"http:\/\/www.w3.org\/2000\/svg\" preserveAspectRatio=\"none\">\n\t<path class=\"ux-shape-fill\" opacity=\"0.05\" d=\"M1014 264V386H206L34 300C34 300 344.42 277.16 436 221C542 156 590 160 704 209C811 255 899.11 214.94 979 346L1014 264Z\"\/>\n\t<path class=\"ux-shape-fill\" opacity=\"0.1\" d=\"M-302 55C-302 55 -66.73 263.25 50 214C178 160 283 116 353 141C445.68 174.1 534.28 256.19 588 249C692.9 235 764.52 75.94 855 131C940.61 183.09 1000 254 1000 254V328L-306 338L-302 55Z\"\/>\n\t<path class=\"ux-shape-fill\" opacity=\"0.15\" d=\"M-286 255C-286 255 -72 152 52 126C176 100 255 155 436 227C581.57 284.91 614.7 277.79 708 227C787 184 1009 3.0001 1093 164C1146 265.63 1031 293 1031 293L924 377L-288 389L-286 255Z\"\/>\n\t<path class=\"ux-shape-fill\" opacity=\"0.3\" d=\"M-24 69C-24 69 275.68 370.66 389 314C397 310 622 316 673 356C690.47 369.7 845 224 890 182C944.8 130.85 1018 92 1078 143C1154.12 207.7 1196 242 1196 242L1184 374L-28 386L-24 69Z\"\/>\n\t<path class=\"ux-shape-fill\" d=\"M-12 201C-12 201 58 284 182 258C306 232 342.29 221.23 456 264C565 305 640.82 288.36 721 249C776 222 837.5 191.31 935 253C984 284 1030 279 1030 279L1024 430L-12 440V201Z\"\/>\n<\/svg>\n\t<\/div>\n        <div class=\"banner-layers container\">\n            <div class=\"fill banner-link\"><\/div>            \n   <div id=\"text-box-15891339\" class=\"text-box banner-layer x50 md-x50 lg-x50 y50 md-y50 lg-y50 res-text\">\n                     <div data-animate=\"fadeInUp\">           <div class=\"text-box-content text dark\">\n              \n              <div class=\"text-inner text-center\">\n                  \n\t<div class=\"img has-hover x md-x lg-x y md-y lg-y\" id=\"image_233099711\">\n\t\t\t\t\t\t\t\t<div class=\"img-inner dark\" >\n\t\t\t<img loading=\"lazy\" decoding=\"async\" width=\"923\" height=\"921\" src=\"https:\/\/calnegre.com\/wp-content\/uploads\/2025\/03\/logo-retallat-1.png\" class=\"attachment-original size-original\" alt=\"\" srcset=\"https:\/\/calnegre.com\/wp-content\/uploads\/2025\/03\/logo-retallat-1.png 923w, https:\/\/calnegre.com\/wp-content\/uploads\/2025\/03\/logo-retallat-1-300x300.png 300w, https:\/\/calnegre.com\/wp-content\/uploads\/2025\/03\/logo-retallat-1-100x100.png 100w, https:\/\/calnegre.com\/wp-content\/uploads\/2025\/03\/logo-retallat-1-600x599.png 600w, https:\/\/calnegre.com\/wp-content\/uploads\/2025\/03\/logo-retallat-1-150x150.png 150w, https:\/\/calnegre.com\/wp-content\/uploads\/2025\/03\/logo-retallat-1-768x766.png 768w\" sizes=\"auto, (max-width: 923px) 100vw, 923px\" \/>\t\t\t\t\t\t\n\t\t\t\t\t<\/div>\n\t\t\t\t\t\t\t\t\n<style>\n#image_233099711 {\n  width: 57%;\n}\n<\/style>\n\t<\/div>\n\t\n              <\/div>\n           <\/div>\n       <\/div>                     \n<style>\n#text-box-15891339 {\n  width: 60%;\n}\n#text-box-15891339 .text-box-content {\n  font-size: 100%;\n}\n<\/style>\n    <\/div>\n \n        <\/div>\n      <\/div>\n\n            \n<style>\n#banner-1670588639 {\n  padding-top: 700px;\n}\n#banner-1670588639 .bg.bg-loaded {\n  background-image: url(https:\/\/calnegre.com\/wp-content\/uploads\/2025\/07\/portada.webp);\n}\n#banner-1670588639 .overlay {\n  background-color: rgba(0, 0, 0, 0);\n}\n#banner-1670588639 .bg {\n  background-position: 52% 28%;\n}\n#banner-1670588639 .ux-shape-divider--bottom svg {\n  height: 150px;\n  --divider-width: 107%;\n}\n#banner-1670588639 .ux-shape-divider--bottom .ux-shape-fill {\n  fill: rgb(253, 241, 236);\n}\n<\/style>\n  <\/div>\n\n\n\n  <div class=\"banner has-hover is-full-height show-for-small\" id=\"banner-1677140371\">\n          <div class=\"banner-inner fill\">\n        <div class=\"banner-bg fill\" >\n            <div class=\"bg fill bg-fill \"><\/div>\n                        <div class=\"overlay\"><\/div>            \n                    <\/div>\n\t\t\n\t<div class=\"ux-shape-divider ux-shape-divider--bottom ux-shape-divider--style-waves-opacity-3\">\n\t\t<svg viewBox=\"0 0 1000 300\" xmlns=\"http:\/\/www.w3.org\/2000\/svg\" preserveAspectRatio=\"none\">\n\t<path class=\"ux-shape-fill\" opacity=\"0.05\" d=\"M1014 264V386H206L34 300C34 300 344.42 277.16 436 221C542 156 590 160 704 209C811 255 899.11 214.94 979 346L1014 264Z\"\/>\n\t<path class=\"ux-shape-fill\" opacity=\"0.1\" d=\"M-302 55C-302 55 -66.73 263.25 50 214C178 160 283 116 353 141C445.68 174.1 534.28 256.19 588 249C692.9 235 764.52 75.94 855 131C940.61 183.09 1000 254 1000 254V328L-306 338L-302 55Z\"\/>\n\t<path class=\"ux-shape-fill\" opacity=\"0.15\" d=\"M-286 255C-286 255 -72 152 52 126C176 100 255 155 436 227C581.57 284.91 614.7 277.79 708 227C787 184 1009 3.0001 1093 164C1146 265.63 1031 293 1031 293L924 377L-288 389L-286 255Z\"\/>\n\t<path class=\"ux-shape-fill\" opacity=\"0.3\" d=\"M-24 69C-24 69 275.68 370.66 389 314C397 310 622 316 673 356C690.47 369.7 845 224 890 182C944.8 130.85 1018 92 1078 143C1154.12 207.7 1196 242 1196 242L1184 374L-28 386L-24 69Z\"\/>\n\t<path class=\"ux-shape-fill\" d=\"M-12 201C-12 201 58 284 182 258C306 232 342.29 221.23 456 264C565 305 640.82 288.36 721 249C776 222 837.5 191.31 935 253C984 284 1030 279 1030 279L1024 430L-12 440V201Z\"\/>\n<\/svg>\n\t<\/div>\n        <div class=\"banner-layers container\">\n            <div class=\"fill banner-link\"><\/div>            \n   <div id=\"text-box-2011596975\" class=\"text-box banner-layer x50 md-x50 lg-x50 y50 md-y50 lg-y50 res-text\">\n                     <div data-animate=\"fadeInUp\">           <div class=\"text-box-content text dark\">\n              \n              <div class=\"text-inner text-center\">\n                  \n\t<div class=\"img has-hover x md-x lg-x y md-y lg-y\" id=\"image_351874038\">\n\t\t\t\t\t\t\t\t<div class=\"img-inner dark\" >\n\t\t\t<img loading=\"lazy\" decoding=\"async\" width=\"923\" height=\"921\" src=\"https:\/\/calnegre.com\/wp-content\/uploads\/2025\/03\/logo-retallat-1.png\" class=\"attachment-original size-original\" alt=\"\" srcset=\"https:\/\/calnegre.com\/wp-content\/uploads\/2025\/03\/logo-retallat-1.png 923w, https:\/\/calnegre.com\/wp-content\/uploads\/2025\/03\/logo-retallat-1-300x300.png 300w, https:\/\/calnegre.com\/wp-content\/uploads\/2025\/03\/logo-retallat-1-100x100.png 100w, https:\/\/calnegre.com\/wp-content\/uploads\/2025\/03\/logo-retallat-1-600x599.png 600w, https:\/\/calnegre.com\/wp-content\/uploads\/2025\/03\/logo-retallat-1-150x150.png 150w, https:\/\/calnegre.com\/wp-content\/uploads\/2025\/03\/logo-retallat-1-768x766.png 768w\" sizes=\"auto, (max-width: 923px) 100vw, 923px\" \/>\t\t\t\t\t\t\n\t\t\t\t\t<\/div>\n\t\t\t\t\t\t\t\t\n<style>\n#image_351874038 {\n  width: 57%;\n}\n<\/style>\n\t<\/div>\n\t\n              <\/div>\n           <\/div>\n       <\/div>                     \n<style>\n#text-box-2011596975 {\n  width: 100%;\n}\n#text-box-2011596975 .text-box-content {\n  font-size: 100%;\n}\n@media (min-width:550px) {\n  #text-box-2011596975 {\n    width: 60%;\n  }\n}\n<\/style>\n    <\/div>\n \n        <\/div>\n      <\/div>\n\n            \n<style>\n#banner-1677140371 {\n  padding-top: 165%;\n}\n#banner-1677140371 .bg.bg-loaded {\n  background-image: url(https:\/\/calnegre.com\/wp-content\/uploads\/2025\/07\/portada.webp);\n}\n#banner-1677140371 .overlay {\n  background-color: rgba(0, 0, 0, 0);\n}\n#banner-1677140371 .bg {\n  background-position: 55% 63%;\n}\n#banner-1677140371 .ux-shape-divider--bottom svg {\n  height: 150px;\n  --divider-width: 107%;\n}\n#banner-1677140371 .ux-shape-divider--bottom .ux-shape-fill {\n  fill: rgb(253, 241, 236);\n}\n@media (min-width:550px) {\n  #banner-1677140371 {\n    padding-top: 100%;\n  }\n  #banner-1677140371 .overlay {\n    background-color: rgba(0,0,0,.5);\n  }\n}\n<\/style>\n  <\/div>\n\n\n<div class=\"row show-for-small\"  id=\"row-375261144\">\n\n\t<div id=\"col-1950817428\" class=\"col medium-3 small-3 large-3\"  >\n\t\t\t\t<div class=\"col-inner\"  >\n\t\t\t\n\t\t\t\n<figure id=\"attachment_107\" aria-describedby=\"caption-attachment-107\" style=\"width: 100px\" class=\"wp-caption alignnone\"><a href=\"#tapes\"><img loading=\"lazy\" decoding=\"async\" class=\"wp-image-107 size-full\" src=\"https:\/\/calnegre.com\/wp-content\/uploads\/2025\/03\/icons8-nachos-100.png\" alt=\"\" width=\"100\" height=\"100\"><\/a><figcaption id=\"caption-attachment-107\" class=\"wp-caption-text\">Tapas<\/figcaption><\/figure>\n\t\t<\/div>\n\t\t\t\t\t<\/div>\n\n\t\n\n\t<div id=\"col-273026923\" class=\"col medium-3 small-3 large-3\"  >\n\t\t\t\t<div class=\"col-inner\"  >\n\t\t\t\n\t\t\t\n<figure id=\"attachment_120\" aria-describedby=\"caption-attachment-120\" style=\"width: 80px\" class=\"wp-caption aligncenter\"><a href=\"#burgers\"><img loading=\"lazy\" decoding=\"async\" class=\"wp-image-120 size-full\" src=\"https:\/\/calnegre.com\/wp-content\/uploads\/2025\/03\/icons8-hamburguesa-80.png\" alt=\"\" width=\"80\" height=\"80\"><\/a><figcaption id=\"caption-attachment-120\" class=\"wp-caption-text\">Burgers<\/figcaption><\/figure>\n\t\t<\/div>\n\t\t\t\t\t<\/div>\n\n\t\n\n\t<div id=\"col-1532112971\" class=\"col medium-3 small-3 large-3\"  >\n\t\t\t\t<div class=\"col-inner\"  >\n\t\t\t\n\t\t\t\n<figure id=\"attachment_137\" aria-describedby=\"caption-attachment-137\" style=\"width: 100px\" class=\"wp-caption aligncenter\"><a href=\"#entrepans\"><img loading=\"lazy\" decoding=\"async\" class=\"wp-image-137 size-full\" src=\"https:\/\/calnegre.com\/wp-content\/uploads\/2025\/03\/icons8-sandwich-100.png\" alt=\"\" width=\"100\" height=\"100\"><\/a><figcaption id=\"caption-attachment-137\" class=\"wp-caption-text\">Bocadillos<\/figcaption><\/figure>\n\t\t<\/div>\n\t\t\t\t\t<\/div>\n\n\t\n\n\t<div id=\"col-2063423458\" class=\"col medium-3 small-3 large-3\"  >\n\t\t\t\t<div class=\"col-inner\"  >\n\t\t\t\n\t\t\t\n<figure id=\"attachment_142\" aria-describedby=\"caption-attachment-142\" style=\"width: 100px\" class=\"wp-caption aligncenter\"><a href=\"#amanides\"><img loading=\"lazy\" decoding=\"async\" class=\"wp-image-142 size-full\" src=\"https:\/\/calnegre.com\/wp-content\/uploads\/2025\/03\/icons8-ensalada-100.png\" alt=\"\" width=\"100\" height=\"100\"><\/a><figcaption id=\"caption-attachment-142\" class=\"wp-caption-text\">Ensaladas<\/figcaption><\/figure>\n\t\t<\/div>\n\t\t\t\t\t<\/div>\n\n\t\n<\/div>\n<div class=\"row show-for-small\"  id=\"row-1090476949\">\n\n\t<div id=\"col-822181573\" class=\"col medium-3 small-3 large-3\"  >\n\t\t\t\t<div class=\"col-inner\"  >\n\t\t\t\n\t\t\t\n<figure id=\"attachment_442\" aria-describedby=\"caption-attachment-442\" style=\"width: 100px\" class=\"wp-caption alignnone\"><a href=\"#focaccies\"><img loading=\"lazy\" decoding=\"async\" class=\"wp-image-442 size-full\" src=\"https:\/\/calnegre.com\/wp-content\/uploads\/2025\/04\/focaccia-menu.png\" alt=\"\" width=\"100\" height=\"100\"><\/a><figcaption id=\"caption-attachment-442\" class=\"wp-caption-text\">Focaccias<\/figcaption><\/figure>\n\t\t<\/div>\n\t\t\t\t\t<\/div>\n\n\t\n\n\t<div id=\"col-227127547\" class=\"col medium-3 small-3 large-3\"  >\n\t\t\t\t<div class=\"col-inner\"  >\n\t\t\t\n\t\t\t\n<figure id=\"attachment_150\" aria-describedby=\"caption-attachment-150\" style=\"width: 100px\" class=\"wp-caption alignnone\"><a href=\"#postres\"><img loading=\"lazy\" decoding=\"async\" class=\"wp-image-150 size-full\" src=\"https:\/\/calnegre.com\/wp-content\/uploads\/2025\/03\/icons8-pastel-100-1.png\" alt=\"\" width=\"100\" height=\"100\"><\/a><figcaption id=\"caption-attachment-150\" class=\"wp-caption-text\">Postre<\/figcaption><\/figure>\n\t\t<\/div>\n\t\t\t\t\t<\/div>\n\n\t\n\n\t<div id=\"col-486341678\" class=\"col medium-3 small-3 large-3\"  >\n\t\t\t\t<div class=\"col-inner\"  >\n\t\t\t\n\t\t\t\n<figure id=\"attachment_165\" aria-describedby=\"caption-attachment-165\" style=\"width: 100px\" class=\"wp-caption alignnone\"><a href=\"#onsom\"><img loading=\"lazy\" decoding=\"async\" class=\"size-full wp-image-165\" src=\"https:\/\/calnegre.com\/wp-content\/uploads\/2025\/03\/icons8-marcador-de-mapa-100.png\" alt=\"\" width=\"100\" height=\"100\"><\/a><figcaption id=\"caption-attachment-165\" class=\"wp-caption-text\">\u00bfD\u00f3nde estamos?<\/figcaption><\/figure>\n\t\t<\/div>\n\t\t\t\t\t<\/div>\n\n\t\n\n\t<div id=\"col-1343510179\" class=\"col medium-3 small-3 large-3\"  >\n\t\t\t\t<div class=\"col-inner\"  >\n\t\t\t\n\t\t\t\n<figure id=\"attachment_261\" aria-describedby=\"caption-attachment-261\" style=\"width: 150px\" class=\"wp-caption alignnone\"><a href=\"#equip\"><img loading=\"lazy\" decoding=\"async\" class=\"wp-image-261 size-full\" src=\"https:\/\/calnegre.com\/wp-content\/uploads\/2025\/03\/rock-on-svgrepo-com.svg\" alt=\"\" width=\"150\" height=\"150\"><\/a><figcaption id=\"caption-attachment-261\" class=\"wp-caption-text\">Equipo<\/figcaption><\/figure>\n\t\t<\/div>\n\t\t\t\t\t<\/div>\n\n\t\n<\/div>\n<div class=\"row\" style=\"max-width:1500px\" id=\"row-1610897772\">\n\n\t<div id=\"col-345138351\" class=\"col small-12 large-12\"  >\n\t\t\t\t<div class=\"col-inner\"  >\n\t\t\t\n\t\t\t\n<h2 id=\"tapes\" style=\"text-align: center;\"><span style=\"font-size: 200%;\"><br \/>\n<img loading=\"lazy\" decoding=\"async\" class=\"alignnone wp-image-107\" src=\"https:\/\/calnegre.com\/wp-content\/uploads\/2025\/03\/icons8-nachos-100.png\" alt=\"\" width=\"73\" height=\"73\"><br \/>\nTapas<br \/>\n<\/span><\/h2>\n\n<h2 id=\"burgers\" style=\"text-align: center;\"><span style=\"font-size: 200%;\"><br \/>\n<img loading=\"lazy\" decoding=\"async\" class=\"alignnone wp-image-120\" src=\"https:\/\/calnegre.com\/wp-content\/uploads\/2025\/03\/icons8-hamburguesa-80.png\" alt=\"\" width=\"73\" height=\"73\"><br \/>\nBurgers<br \/>\n<\/span><\/h2>\n<h3 style=\"text-align: center;\">*ELIGE TU PAN: PANECILLO DE PAN, BRIOCHE, ESPELTA O SIN GLUTEN (SUP. 1\u20ac)<\/h3>\n\n<h2 id=\"entrepans\" style=\"text-align: center;\"><span style=\"font-size: 200%;\"><br \/>\n<img loading=\"lazy\" decoding=\"async\" class=\"alignnone wp-image-137\" src=\"https:\/\/calnegre.com\/wp-content\/uploads\/2025\/03\/icons8-sandwich-100.png\" alt=\"\" width=\"73\" height=\"73\"><br \/>\nBocadillos<br \/>\n<\/span><\/h2>\n\n<h2 id=\"amanides\" style=\"text-align: center;\"><span style=\"font-size: 200%;\"><br \/>\n<img loading=\"lazy\" decoding=\"async\" class=\"alignnone wp-image-142\" src=\"https:\/\/calnegre.com\/wp-content\/uploads\/2025\/03\/icons8-ensalada-100.png\" alt=\"\" width=\"81\" height=\"81\"><br \/>\nEnsaladas<br \/>\n<\/span><\/h2>\n\n<h2 id=\"focaccies\" style=\"text-align: center;\"><span style=\"font-size: 200%;\"><br \/>\n<img loading=\"lazy\" decoding=\"async\" class=\"alignnone wp-image-128\" src=\"https:\/\/calnegre.com\/wp-content\/uploads\/2025\/03\/icons8-focaccia-100.png\" alt=\"\" width=\"73\" height=\"69\"><br \/>\nFocacias<br \/>\n<\/span><\/h2>\n<h3 style=\"text-align: center;\">*Todas nuestras focaccias est\u00e1n hechas con masa de calidad, salsa de tomate y mozzarella<\/h3>\n\n<h2 id=\"postres\" style=\"text-align: center;\"><span style=\"font-size: 200%;\"><br \/>\n<img loading=\"lazy\" decoding=\"async\" class=\"alignnone wp-image-150\" src=\"https:\/\/calnegre.com\/wp-content\/uploads\/2025\/03\/icons8-pastel-100-1.png\" alt=\"\" width=\"65\" height=\"65\"><br \/>\nPostres<br \/>\n<\/span><\/h2>\n\n<h2 id=\"onsom\" style=\"text-align: center;\"><span style=\"font-size: 200%;\"><br \/>\n<img loading=\"lazy\" decoding=\"async\" class=\"alignnone wp-image-165\" src=\"https:\/\/calnegre.com\/wp-content\/uploads\/2025\/03\/icons8-marcador-de-mapa-100.png\" alt=\"\" width=\"73\" height=\"73\"><br \/>\nD\u00f3nde estamos<br \/>\n<\/span><\/h2>\n<p class=\"iframe-container\"><iframe loading=\"lazy\" style=\"border: 0;\" src=\"https:\/\/www.google.com\/maps\/embed?pb=!1m18!1m12!1m3!1d1660.8930732907825!2d2.894357154694231!3d41.82653874644804!2m3!1f0!2f0!3f0!3m2!1i1024!2i768!4f13.1!3m3!1m2!1s0x12bb1c5efc93061d%3A0xf7fd9ce4284b1154!2sCal%20Negre%20Llagostera!5e0!3m2!1ses!2ses!4v1742461163655!5m2!1ses!2ses\" width=\"100%\" height=\"450\" allowfullscreen=\"allowfullscreen\"><br \/>\n<\/iframe><\/p>\n\t\t<\/div>\n\t\t\t\t\t<\/div>\n\n\t\n<\/div>\n<div class=\"row align-center\"  id=\"row-899588391\">\n\n\t<div id=\"col-565383122\" class=\"col small-12 large-12\"  >\n\t\t\t\t<div class=\"col-inner text-center\"  >\n\t\t\t\n\t\t\t\n<h2 id=\"equip\" style=\"text-align: center;\"><span style=\"font-size: 200%;\"><br \/>\n<a href=\"https:\/\/calnegre.com\/wp-content\/uploads\/2025\/03\/rock-on-svgrepo-com.svg\"><img loading=\"lazy\" decoding=\"async\" class=\"alignnone wp-image-261\" src=\"https:\/\/calnegre.com\/wp-content\/uploads\/2025\/03\/rock-on-svgrepo-com.svg\" alt=\"\" width=\"73\" height=\"73\"><\/a><br \/>\nequipo Cal Negre<br \/>\n<\/span><\/h2>\n<div class=\"row row-full-width align-center\"  id=\"row-241778886\">\n\n\t<div id=\"col-530416450\" class=\"col medium-8 small-12 large-8\"  >\n\t\t\t\t<div class=\"col-inner text-center\"  >\n\t\t\t\n\t\t\t\n\t<div id=\"text-4183678425\" class=\"text\">\n\t\t\n<p data-start=\"222\" data-end=\"435\">Desde 2014, en <strong data-start=\"238\" data-end=\"251\">Cal Negre<\/strong> hacemos mucho m\u00e1s que servir comida: hemos creado un espacio donde se viene a disfrutar, compartir y repetir. Aqu\u00ed no hay complicaciones, s\u00f3lo buena comida, buena m\u00fasica y un ambiente que engancha. <\/p>\n<p data-start=\"437\" data-end=\"788\">Somos <strong data-start=\"441\" data-end=\"463\">Toti y Magda<\/strong> , y desde hace a\u00f1os trabajamos codo con codo para hacer crecer este proyecto que nos apasiona.<br data-start=\"521\" data-end=\"524\"> <strong data-start=\"527\" data-end=\"539\">Magda<\/strong> , desde la cocina, prepara tapas, burgers y bocadillos que no te dejar\u00e1n indiferente\u2026 \u00a1y unos <strong data-start=\"630\" data-end=\"654\">pasteles incre\u00edbles<\/strong> que debes probar s\u00ed o s\u00ed!<br data-start=\"684\" data-end=\"687\"> <strong data-start=\"690\" data-end=\"701\">Toti<\/strong> , en la barra y en la sala, se encarga de que te sientas como en casa desde el primer momento.<\/p>\n<p data-start=\"790\" data-end=\"1013\">Pero <strong data-start=\"795\" data-end=\"839\">Cal Negre somos mucho m\u00e1s que nosotros dos<\/strong> . Somos un equipo de camareros y cocineros que trabajamos con pasi\u00f3n, apostando por <strong data-start=\"915\" data-end=\"942\">productos de proximidad<\/strong> y una cocina aut\u00e9ntica, sin pretensiones pero llena de personalidad. <\/p>\n<p data-start=\"1015\" data-end=\"1147\">Adem\u00e1s, nuestro local tiene una esencia \u00fanica, es un espacio al que todo el mundo es bienvenido y todo el mundo quiere volver.<\/p>\n<p data-start=\"1149\" data-end=\"1200\"><strong data-start=\"1152\" data-end=\"1198\">\u00a1Ven, come y vive la experiencia Cal Negre!<\/strong><\/p>\n\t\t\n<style>\n#text-4183678425 {\n  color: rgb(0, 0, 0);\n}\n#text-4183678425 > * {\n  color: rgb(0, 0, 0);\n}\n<\/style>\n\t<\/div>\n\t\n\t\t<\/div>\n\t\t\t\t\t<\/div>\n\n\t\n<\/div>\n\t\t<\/div>\n\t\t\t\t\t<\/div>\n\n\t\n<\/div>\n\t<div id=\"gap-254714562\" class=\"gap-element clearfix\" style=\"display:block; height:auto;\">\n\t\t\n<style>\n#gap-254714562 {\n  padding-top: 60px;\n}\n<\/style>\n\t<\/div>\n\t\n","protected":false},"excerpt":{"rendered":"","protected":false},"author":1,"featured_media":0,"parent":0,"menu_order":0,"comment_status":"closed","ping_status":"closed","template":"page-header-on-scroll.php","meta":{"footnotes":""},"class_list":["post-857","page","type-page","status-publish","hentry"],"_links":{"self":[{"href":"https:\/\/calnegre.com\/es\/wp-json\/wp\/v2\/pages\/857","targetHints":{"allow":["GET"]}}],"collection":[{"href":"https:\/\/calnegre.com\/es\/wp-json\/wp\/v2\/pages"}],"about":[{"href":"https:\/\/calnegre.com\/es\/wp-json\/wp\/v2\/types\/page"}],"author":[{"embeddable":true,"href":"https:\/\/calnegre.com\/es\/wp-json\/wp\/v2\/users\/1"}],"replies":[{"embeddable":true,"href":"https:\/\/calnegre.com\/es\/wp-json\/wp\/v2\/comments?post=857"}],"version-history":[{"count":14,"href":"https:\/\/calnegre.com\/es\/wp-json\/wp\/v2\/pages\/857\/revisions"}],"predecessor-version":[{"id":1086,"href":"https:\/\/calnegre.com\/es\/wp-json\/wp\/v2\/pages\/857\/revisions\/1086"}],"wp:attachment":[{"href":"https:\/\/calnegre.com\/es\/wp-json\/wp\/v2\/media?parent=857"}],"curies":[{"name":"wp","href":"https:\/\/api.w.org\/{rel}","templated":true}]}}