{"id":1092,"date":"2025-07-21T13:18:20","date_gmt":"2025-07-21T11:18:20","guid":{"rendered":"https:\/\/calnegre.com\/politica-de-cookies\/"},"modified":"2025-07-21T15:21:40","modified_gmt":"2025-07-21T13:21:40","slug":"politica-de-cookies","status":"publish","type":"page","link":"https:\/\/calnegre.com\/es\/politica-de-cookies\/","title":{"rendered":"Pol\u00edtica de cookies y privacidad"},"content":{"rendered":"<h2 data-start=\"193\" data-end=\"219\"><span style=\"color: #000000;\"><strong>Pol\u00edtica de privacidad<\/strong><\/span><\/h2>\n<p data-start=\"221\" data-end=\"283\"><span style=\"color: #000000;\">En Cal Negre nos tomamos en serio la privacidad de los usuarios.<\/span><\/p>\n<p data-start=\"285\" data-end=\"464\"><span style=\"color: #000000;\">Este sitio web no recoge ning\u00fan dato personal.<\/span><br data-start=\"329\" data-end=\"332\"> <span style=\"color: #000000;\">No existen formularios de contacto, suscripciones, comentarios ni ning\u00fan otro medio mediante el cual se recopilen datos identificativos.<\/span><\/p>\n<p data-start=\"466\" data-end=\"536\"><span style=\"color: #000000;\">Asimismo, no se hace uso de cookies que permitan identificar al usuario.<\/span><\/p>\n<p data-start=\"538\" data-end=\"724\"><span style=\"color: #000000;\">Si en alg\u00fan momento se incorporan funcionalidades que impliquen el tratamiento de datos personales, esta pol\u00edtica ser\u00e1 debidamente actualizada para informar de forma clara y transparente.<\/span><\/p>\n<p data-start=\"726\" data-end=\"807\"><span style=\"color: #000000;\">Para cualquier duda, puede contactarnos a trav\u00e9s del tel\u00e9fono indicado en la web.<\/span><\/p>\n<h2 class=\"entry-title\"><span style=\"color: #000000;\"><strong>\u00bfQu\u00e9 son las cookies?<\/strong><\/span><\/h2>\n<section class=\"content-editor\">\n<div class=\"elementor elementor-885 elementor-bc-flex-widget\" data-elementor-type=\"post\" data-elementor-id=\"885\" data-elementor-settings=\"[]\">\n<div class=\"elementor-inner\">\n<div class=\"elementor-section-wrap\">\n<section class=\"elementor-element elementor-element-c2ce0d0 elementor-section-boxed elementor-section-height-default elementor-section-height-default elementor-section elementor-top-section\" data-id=\"c2ce0d0\" data-element_type=\"section\">\n<div class=\"elementor-container elementor-column-gap-default\">\n<div class=\"elementor-row\">\n<div class=\"elementor-element elementor-element-c454ccc elementor-column elementor-col-100 elementor-top-column\" data-id=\"c454ccc\" data-element_type=\"column\">\n<div class=\"elementor-column-wrapelementor-element-populated\">\n<div class=\"elementor-widget-wrap\">\n<div class=\"elementor-element elementor-element-97eb18d elementor-widget elementor-widget-text-editor\" data-id=\"97eb18d\" data-element_type=\"widget\" data-widget_type=\"text-editor.default\">\n<div class=\"elementor-widget-container\">\n<div class=\"elementor-text-editor elementor-clearfix\">\n<p><span style=\"color: #000000;\">Una cookie es un archivo que se descarga en su ordenador al acceder a determinadas p\u00e1ginas web. Las cookies permiten a una p\u00e1gina web, entre otras cosas, almacenar y recuperar informaci\u00f3n sobre los h\u00e1bitos de navegaci\u00f3n de un usuario o de su equipo y, dependiendo de la informaci\u00f3n que contenga y de la forma en que utilice su equipo, pueden utilizarse para reconocer al usuario. <\/span><\/p>\n<h2><span style=\"color: #000000;\"><strong>\u00bfQu\u00e9 tipos de cookies utiliza esta p\u00e1gina web?<\/strong><\/span><\/h2>\n<p><span style=\"color: #000000;\">Esta p\u00e1gina web utiliza los siguientes tipos de cookies:<\/span><\/p>\n<p><span style=\"color: #000000;\"><strong>Cookies de an\u00e1lisis<\/strong> : Son aquellas que bien tratadas por nosotros o por terceros, nos permiten cuantificar el n\u00famero de usuarios y as\u00ed realizar la medida y an\u00e1lisis estad\u00edstico de la utilizaci\u00f3n que realizan los usuarios del servicio que ofrecemos. Por eso se analiza su navegaci\u00f3n en nuestra p\u00e1gina web con el fin de mejorar la oferta de productos o servicios que ofrecemos. <\/span><\/p>\n<p><span style=\"color: #000000;\"><strong>Cookies t\u00e9cnicas:<\/strong> Son aqu\u00e9llas que permiten al usuario la navegaci\u00f3n a trav\u00e9s del \u00e1rea restringida y la utilizaci\u00f3n de sus diferentes funciones, como por ejemplo, llevar a cabo el proceso de compra de un art\u00edculo.<\/span><\/p>\n<p><span style=\"color: #000000;\"><strong>Cookies de personalizaci\u00f3n:<\/strong> Son aquellas que permiten al usuario acceder al servicio con algunas caracter\u00edsticas de car\u00e1cter general predefinidas en funci\u00f3n de una serie de criterios en el terminal del usuario como el idioma o el tipo de navegador a trav\u00e9s del cual se conecta a la web.<\/span><\/p>\n<p><span style=\"color: #000000;\"><strong>Cookies publicitarias:<\/strong> Son aquellas que, bien tratadas por esta web o por terceros, permiten gestionar de la forma m\u00e1s eficiente posible la oferta de los espacios publicitarios que existen en la p\u00e1gina web, adecuando el contenido del anuncio al contenido del servicio solicitado o al uso que realice de nuestra p\u00e1gina web. Por eso podemos analizar sus h\u00e1bitos de navegaci\u00f3n por internet y podemos mostrarle publicidad relacionada con su perfil de navegaci\u00f3n. <\/span><\/p>\n<p><span style=\"color: #000000;\"><strong>Cookies de publicidad comportamental:<\/strong> Son aquellas que permiten la gesti\u00f3n, de la forma m\u00e1s eficiente posible, de los espacios publicitarios que, en su caso, el editor haya incluido en una pagina web, aplicaci\u00f3n o plataforma desde la que se presta el servicio solicitado. Este tipo de cookies almacenan informaci\u00f3n del comportamiento de los visitantes obtenida a trav\u00e9s de la observaci\u00f3n continuada de sus h\u00e1bitos de navegaci\u00f3n. Lo que permite desarrollar un perfil espec\u00edfico para mostrar avisos publicitarios en funci\u00f3n del mismo.  <\/span><\/p>\n<h2><span style=\"color: #000000;\"><strong>Desactivar las cookies<\/strong><\/span><\/h2>\n<p><span style=\"color: #000000;\">Usted puede permitir, bloquear o eliminar las cookies instaladas en su equipo a trav\u00e9s de la configuraci\u00f3n de las opciones de su navegador. En la mayor\u00eda de navegadores se ofrece la posibilidad de permitir, bloquear o eliminar las cookies instaladas en su equipo. <\/span><\/p>\n<p><span style=\"color: #000000;\">A continuaci\u00f3n puede acceder a la configuraci\u00f3n de los navegadores webs m\u00e1s frecuentes para aceptar, instalar o desactivar las cookies:<\/span><\/p>\n<p><span style=\"color: #000000;\"><a style=\"color: #000000;\" href=\"https:\/\/support.google.com\/chrome\/answer\/95647?hl=es\">Configurar cookies en Google Chrome<\/a><\/span><\/p>\n<p><span style=\"color: #000000;\"><a style=\"color: #000000;\" href=\"http:\/\/windows.microsoft.com\/es-es\/windows7\/how-to-manage-cookies-in-internet-explorer-9\">Configurar cookies en Microsoft Internet Explorer<\/a><\/span><\/p>\n<p><span style=\"color: #000000;\"><a style=\"color: #000000;\" href=\"https:\/\/support.mozilla.org\/es\/kb\/habilitar-y-deshabilitar-cookies-sitios-web-rastrear-preferencias?redirectlocale=es&amp;redirectslug=habilitar-y-deshabilitar-cookies-que-los-sitios-we\">Configurar cookies en Mozilla Firefox<\/a><\/span><\/p>\n<p><span style=\"color: #000000;\"><a style=\"color: #000000;\" href=\"https:\/\/support.apple.com\/es-es\/HT201265\">Configurar cookies en Safari (Apple)<\/a><\/span><\/p>\n<h2><span style=\"color: #000000;\"><strong>Cookies de terceros<\/strong><\/span><\/h2>\n<p><span style=\"color: #000000;\">Esta p\u00e1gina web utiliza servicios de terceros para recopilar informaci\u00f3n con fines estad\u00edsticos y de uso de la web.<\/span><\/p>\n<p><span style=\"color: #000000;\">Nuestro sitio web incluye otras funcionalidades proporcionadas por terceros. Usted puede compartir f\u00e1cilmente en contenido en redes sociales como Facebook, Twitter o Google+ con los botones que hemos incluido para tal efecto. <\/span><\/p>\n<h2><span style=\"color: #000000;\"><strong>Advertencia sobre la eliminaci\u00f3n de cookies<\/strong><\/span><\/h2>\n<p><span style=\"color: #000000;\">Usted puede eliminar y bloquear todas las cookies de este sitio pero parte de la p\u00e1gina web no funcionar\u00e1 o la calidad de la misma se puede ver afectada.<\/span><\/p>\n<p><span style=\"color: #000000;\">Si tiene cualquier duda sobre nuestra pol\u00edtica de cookies, puede contactar con los administradores de este sitio a trav\u00e9s de los diferentes canales que ofrecemos en la p\u00e1gina web.<\/span><\/p>\n<\/div>\n<\/div>\n<\/div>\n<\/div>\n<\/div>\n<\/div>\n<\/div>\n<\/div>\n<\/section>\n<\/div>\n<\/div>\n<\/div>\n<\/section>\n","protected":false},"excerpt":{"rendered":"<p>Pol\u00edtica de privacidad En Cal Negre nos tomamos en serio la privacidad de los usuarios. Este sitio web no recoge ning\u00fan dato personal. No existen formularios de contacto, suscripciones, comentarios ni ning\u00fan otro medio mediante el cual se recopilen datos identificativos. Asimismo, no se hace uso de cookies que permitan identificar al usuario. Si en [&#8230;]\n","protected":false},"author":1,"featured_media":0,"parent":0,"menu_order":0,"comment_status":"closed","ping_status":"closed","template":"","meta":{"footnotes":""},"class_list":["post-1092","page","type-page","status-publish","hentry"],"_links":{"self":[{"href":"https:\/\/calnegre.com\/es\/wp-json\/wp\/v2\/pages\/1092","targetHints":{"allow":["GET"]}}],"collection":[{"href":"https:\/\/calnegre.com\/es\/wp-json\/wp\/v2\/pages"}],"about":[{"href":"https:\/\/calnegre.com\/es\/wp-json\/wp\/v2\/types\/page"}],"author":[{"embeddable":true,"href":"https:\/\/calnegre.com\/es\/wp-json\/wp\/v2\/users\/1"}],"replies":[{"embeddable":true,"href":"https:\/\/calnegre.com\/es\/wp-json\/wp\/v2\/comments?post=1092"}],"version-history":[{"count":1,"href":"https:\/\/calnegre.com\/es\/wp-json\/wp\/v2\/pages\/1092\/revisions"}],"predecessor-version":[{"id":1099,"href":"https:\/\/calnegre.com\/es\/wp-json\/wp\/v2\/pages\/1092\/revisions\/1099"}],"wp:attachment":[{"href":"https:\/\/calnegre.com\/es\/wp-json\/wp\/v2\/media?parent=1092"}],"curies":[{"name":"wp","href":"https:\/\/api.w.org\/{rel}","templated":true}]}}